{"id":2,"date":"2019-10-28T13:01:33","date_gmt":"2019-10-28T13:01:33","guid":{"rendered":"http:\/\/de.van-uffelen.de\/?page_id=2"},"modified":"2025-09-12T11:33:50","modified_gmt":"2025-09-12T11:33:50","slug":"chris-van-uffelen","status":"publish","type":"page","link":"https:\/\/de.van-uffelen.de\/en\/chris-van-uffelen","title":{"rendered":"The &#8220;Redaktionsb\u00fcro&#8221; Editorial office"},"content":{"rendered":"\n<p>Das Redaktionsb\u00fcro realisiert B\u00fccher zu Architektur, Kunst, Innenarchitektur, Produktdesign, Landschaftsarchitektur, \u00f6ffentlichen Raum etc. f\u00fcr verschiedene <a href=\"https:\/\/de.van-uffelen.de\/verlage\">Verlage<\/a>.<\/p>\n\n\n\n<p>Unsere Arbeiten umfassen den gesamten Ablauf von der Konzeption \u00fcber <a href=\"https:\/\/de.van-uffelen.de\/recherchen\">Recherchen<\/a>, Materialbeschaffung, Redaktion, \u00dcbersetzung, Bildredaktion, Layout, Lektorat, Korrektorat bis hin zu Repro und Druck-PDF. Aber auch f\u00fcr die <a href=\"https:\/\/de.van-uffelen.de\/publikationsunterstuetzung\">Einzelschritte<\/a> sind wir zu begeistern.<\/p>\n\n\n\n<p>Chris van Uffelen ist studierter Kunsthistoriker und Architekturkritiker und schrieb zahlreiche <a href=\"https:\/\/de.van-uffelen.de\/artikel\">Artikel<\/a> zur Kunst- und Architekturgeschichte f\u00fcr <a href=\"https:\/\/de.van-uffelen.de\/lexika\">Lexika<\/a>, die ihm ein umfangreiches Basiswissen einbrachten. Zudem konzipierte und realisierte er viele multimediale Beitr\u00e4ge in elektronischen Medien.<\/p>\n\n\n\n<p>Er hat in den letzten Jahren mit seinem Team weit <a href=\"https:\/\/de.van-uffelen.de\/\">\u00fcber 150 B\u00fccher<\/a> verfasst und umgesetzt. Er h\u00e4lt regelm\u00e4\u00dfig <u><font color=\"#008005\"><a href=\"https:\/\/de.van-uffelen.de\/vortraege\">Vortr\u00e4ge<\/a><\/font><\/u> zu den entsprechenden Themen im In- und Ausland.<\/p>\n\n\n<div class=\"wp-block-image\">\n<figure class=\"aligncenter\"><img loading=\"lazy\" decoding=\"async\" width=\"700\" height=\"700\" src=\"https:\/\/de.van-uffelen.de\/wp-content\/uploads\/2019\/10\/DSC_1374-2.jpg\" alt=\"\" class=\"wp-image-4\" srcset=\"https:\/\/de.van-uffelen.de\/wp-content\/uploads\/2019\/10\/DSC_1374-2.jpg 700w, https:\/\/de.van-uffelen.de\/wp-content\/uploads\/2019\/10\/DSC_1374-2-150x150.jpg 150w, https:\/\/de.van-uffelen.de\/wp-content\/uploads\/2019\/10\/DSC_1374-2-300x300.jpg 300w\" sizes=\"auto, (max-width: 700px) 100vw, 700px\" \/><\/figure><\/div>\n\n\n<p><strong>Kontakt:<\/strong><br>Redaktionsb\u00fcro van Uffelen | Editorial office<br>Bernsteinstra\u00dfe 124<br>70619 Stuttgart<br>Germany<br>T.: +49-711-2488834<br>F.: +49-711-2488835<br>cvu@van-uffelen.de<\/p>\n","protected":false},"excerpt":{"rendered":"<p>The editorial office produces books on architecture, art, design, landscape architecture, public space, etc. for various publishers. Our work covers the entire process from conception, research, material procurement, editing, translation, picture editing, layout, proofreading, editing, proofreading to lithography and print PDF. But we are also enthusiastic about the individual steps.<\/p>\n","protected":false},"author":5,"featured_media":0,"parent":0,"menu_order":0,"comment_status":"closed","ping_status":"open","template":"","meta":{"ngg_post_thumbnail":0,"footnotes":""},"class_list":["post-2","page","type-page","status-publish","hentry"],"_links":{"self":[{"href":"https:\/\/de.van-uffelen.de\/en\/wp-json\/wp\/v2\/pages\/2","targetHints":{"allow":["GET"]}}],"collection":[{"href":"https:\/\/de.van-uffelen.de\/en\/wp-json\/wp\/v2\/pages"}],"about":[{"href":"https:\/\/de.van-uffelen.de\/en\/wp-json\/wp\/v2\/types\/page"}],"author":[{"embeddable":true,"href":"https:\/\/de.van-uffelen.de\/en\/wp-json\/wp\/v2\/users\/5"}],"replies":[{"embeddable":true,"href":"https:\/\/de.van-uffelen.de\/en\/wp-json\/wp\/v2\/comments?post=2"}],"version-history":[{"count":52,"href":"https:\/\/de.van-uffelen.de\/en\/wp-json\/wp\/v2\/pages\/2\/revisions"}],"predecessor-version":[{"id":1733,"href":"https:\/\/de.van-uffelen.de\/en\/wp-json\/wp\/v2\/pages\/2\/revisions\/1733"}],"wp:attachment":[{"href":"https:\/\/de.van-uffelen.de\/en\/wp-json\/wp\/v2\/media?parent=2"}],"curies":[{"name":"wp","href":"https:\/\/api.w.org\/{rel}","templated":true}]}}